{"id":1721,"date":"2018-04-27T22:52:25","date_gmt":"2018-04-27T21:52:25","guid":{"rendered":"https:\/\/cosys.chimie.unistra.fr\/?page_id=1721"},"modified":"2024-12-10T10:00:08","modified_gmt":"2024-12-10T09:00:08","slug":"open-positions","status":"publish","type":"page","link":"https:\/\/cosys.chimie.unistra.fr\/?page_id=1721","title":{"rendered":"Open Positions"},"content":{"rendered":"<p><strong><span style=\"color: #007c06;\"><img loading=\"lazy\" decoding=\"async\" class=\"aligncenter wp-image-1800\" src=\"https:\/\/cosys.chimie.unistra.fr\/wp-content\/uploads\/2018\/05\/Logo-open-positions-283x300.png\" alt=\"\" width=\"180\" height=\"191\" srcset=\"https:\/\/cosys.chimie.unistra.fr\/wp-content\/uploads\/2018\/05\/Logo-open-positions-283x300.png 283w, https:\/\/cosys.chimie.unistra.fr\/wp-content\/uploads\/2018\/05\/Logo-open-positions.png 595w\" sizes=\"auto, (max-width: 180px) 100vw, 180px\" \/><\/span><\/strong><\/p>\n<table style=\"height: 90px;\" width=\"1024\">\n<tbody>\n<tr>\n<td style=\"background-color: #cad9e0; text-align: center;\">\n<h5><span style=\"color: #004079;\"><strong>Position<\/strong><\/span><\/h5>\n<\/td>\n<td style=\"background-color: #cad9e0; text-align: center;\">\n<h5><span style=\"color: #004079;\"><strong>Contact<\/strong><\/span><\/h5>\n<\/td>\n<\/tr>\n<tr>\n<td style=\"width: 504px; text-align: center;\"><strong>Post-Doc, PhD and other work placement \u00a0 \u00a0 \u00a0 \u00a0 <\/strong><\/td>\n<td style=\"width: 504px; text-align: center;\"><strong> \u00a0\u00a0\u00a0\u00a0 <span id=\"messageContent\">Pr. Stephan Chassaing ; chassaing@unistra.fr or Aur\u00e9lien Blanc; ablanc@unistra.fr<\/span><\/strong><strong><span id=\"messageContent\"><br \/>\n<\/span><\/strong><\/td>\n<\/tr>\n<tr>\n<td style=\"width: 504px; text-align: center;\"><strong>Master 1 &amp; 2\u00a0<\/strong><strong>internships <\/strong><\/td>\n<td style=\"width: 504px; text-align: center;\"><strong>\u00a0Val\u00e9rie B\u00e9n\u00e9teau; beneteau<span id=\"messageContent\">@unistra.fr<\/span><span id=\"messageContent\"> &amp; <\/span><\/strong><strong><span id=\"messageContent\">Aur\u00e9lien Blanc; ablanc@unistra.fr<\/span><\/strong><\/td>\n<\/tr>\n<tr>\n<td style=\"width: 504px; text-align: center;\"><strong>Licence 2 &amp; 3\u00a0<\/strong><strong>internships<\/strong><\/td>\n<td style=\"width: 504px; text-align: center;\"><strong><span id=\"messageContent\">Pr. Jean-Marc Weibel; jweibel@unistra.fr<\/span><\/strong><\/td>\n<\/tr>\n<\/tbody>\n<\/table>\n","protected":false},"excerpt":{"rendered":"<p>Position Contact Post-Doc, PhD and other work placement \u00a0 \u00a0 \u00a0 \u00a0 \u00a0\u00a0\u00a0\u00a0 Pr. Stephan Chassaing ; chassaing@unistra.fr or Aur\u00e9lien Blanc; ablanc@unistra.fr Master 1 &amp; 2\u00a0internships \u00a0Val\u00e9rie B\u00e9n\u00e9teau; beneteau@unistra.fr &amp; Aur\u00e9lien Blanc; ablanc@unistra.fr Licence 2 &amp; 3\u00a0internships Pr. Jean-Marc Weibel; jweibel@unistra.fr<\/p>\n","protected":false},"author":2,"featured_media":0,"parent":0,"menu_order":0,"comment_status":"closed","ping_status":"closed","template":"","meta":{"footnotes":""},"class_list":["post-1721","page","type-page","status-publish","hentry"],"_links":{"self":[{"href":"https:\/\/cosys.chimie.unistra.fr\/index.php?rest_route=\/wp\/v2\/pages\/1721","targetHints":{"allow":["GET"]}}],"collection":[{"href":"https:\/\/cosys.chimie.unistra.fr\/index.php?rest_route=\/wp\/v2\/pages"}],"about":[{"href":"https:\/\/cosys.chimie.unistra.fr\/index.php?rest_route=\/wp\/v2\/types\/page"}],"author":[{"embeddable":true,"href":"https:\/\/cosys.chimie.unistra.fr\/index.php?rest_route=\/wp\/v2\/users\/2"}],"replies":[{"embeddable":true,"href":"https:\/\/cosys.chimie.unistra.fr\/index.php?rest_route=%2Fwp%2Fv2%2Fcomments&post=1721"}],"version-history":[{"count":20,"href":"https:\/\/cosys.chimie.unistra.fr\/index.php?rest_route=\/wp\/v2\/pages\/1721\/revisions"}],"predecessor-version":[{"id":3456,"href":"https:\/\/cosys.chimie.unistra.fr\/index.php?rest_route=\/wp\/v2\/pages\/1721\/revisions\/3456"}],"wp:attachment":[{"href":"https:\/\/cosys.chimie.unistra.fr\/index.php?rest_route=%2Fwp%2Fv2%2Fmedia&parent=1721"}],"curies":[{"name":"wp","href":"https:\/\/api.w.org\/{rel}","templated":true}]}}